{"id":23,"date":"2018-03-07T13:46:58","date_gmt":"2018-03-07T13:46:58","guid":{"rendered":"http:\/\/stag2018.unibs.it\/?page_id=23"},"modified":"2018-10-08T14:34:14","modified_gmt":"2018-10-08T14:34:14","slug":"committee","status":"publish","type":"page","link":"https:\/\/stag2018.unibs.it\/index.php\/committee\/","title":{"rendered":"Organizers"},"content":{"rendered":"<hr \/>\n<p id=\"corpo\"><b>Event Chair:<\/b> Alberto Signoroni (University of\u00a0 Brescia)<\/p>\n<p><b>Program Chairs:<\/b> Marco Livesu (CNR-IMATI), Gianni Pintore (CRS4)<\/p>\n<p><b>Thesis award Chair:<\/b> Marco Agus (CRS4 &#8211; KAUST)<\/p>\n<p><b>Web Chair:<\/b> Fabio Marco Caputo (University of Verona)<\/p>\n<hr \/>\n<p>&nbsp;<\/p>\n<p id=\"titolo\"><strong>Program Committee:<\/strong><\/p>\n<p>Dario Allegra, University of Catania<br \/>\nMarco Agus,\u00a0KAUST<br \/>\nFederica Arrigoni, Czech Institute of Informatics, Robotics and Cybernetics<br \/>\nFrancesco Banterle, ISTI-CNR<br \/>\nFabio Bettio, CRS4<br \/>\nSilvia Biasotti,\u00a0IMATI-CNR<br \/>\nDaniela Cabiddu,\u00a0IMATI-CNR<br \/>\nUmberto Castellani,\u00a0Univeristy of Verona<br \/>\nPaolo Cignoni,\u00a0ISTI-CNR<br \/>\nMatteo Dellepiane,\u00a0ISTI-CNR<br \/>\nMarco Fratarcangeli, Chalmers University of Technology<br \/>\nAndrea Fusiello,\u00a0University of Udine<br \/>\nGiovanni Gallo,\u00a0University of Catania<br \/>\nFabio Ganovelli,\u00a0ISTI-CNR<br \/>\nAndrea Giachetti,\u00a0Univeristy of Verona<br \/>\nEnrico Gobbetti,\u00a0CRS4<br \/>\nJos\u00e9 Iglesias Guiti\u00e1n, Universitat Aut\u00f2noma de Barcelona<br \/>\nFederico Iuricich,\u00a0University of Maryland<br \/>\nAlberto\u00a0Jaspe,\u00a0CRS4<br \/>\nFabio Marton,\u00a0CRS4<br \/>\nDaniele Panozzo, New York University<br \/>\nFabio Pellacini,\u00a0Sapienza University of Rome<br \/>\nNicola Pezzotti,\u00a0Delft University of Technology<br \/>\nPaolo Pingi,\u00a0ISTI-CNR<br \/>\nRuggero Pintus ,\u00a0CRS4<br \/>\nRiccardo Scateni,\u00a0University of Cagliari<br \/>\nAlberto\u00a0Signoroni,\u00a0University of Brescia<br \/>\nFilippo Stanco, University of Catania<br \/>\nLucio Davide Spano,\u00a0ISTI-CNR<br \/>\nMarc Stamminger,\u00a0Friedrich-Alexander-Universitaet Erlangen-Nuernberg<br \/>\nDavide Tanasi,\u00a0University of South Florida<br \/>\nMarco Tarini, University of Milan, ISTI-CNR<br \/>\nPietro Zanuttigh, University of Padova<\/p>\n","protected":false},"excerpt":{"rendered":"<p>Event Chair: Alberto Signoroni (University of\u00a0 Brescia) Program Chairs: Marco Livesu (CNR-IMATI), Gianni Pintore (CRS4) Thesis award Chair: Marco Agus (CRS4 &#8211; KAUST) Web Chair: Fabio Marco Caputo (University of Verona) &nbsp; Program Committee: Dario Allegra, University of Catania Marco Agus,\u00a0KAUST Federica Arrigoni, Czech Institute of Informatics, Robotics and Cybernetics Francesco Banterle, ISTI-CNR Fabio Bettio, &hellip; <\/p>\n<p class=\"link-more\"><a href=\"https:\/\/stag2018.unibs.it\/index.php\/committee\/\" class=\"more-link\">Continue reading<span class=\"screen-reader-text\"> &#8220;Organizers&#8221;<\/span><\/a><\/p>\n","protected":false},"author":1,"featured_media":0,"parent":0,"menu_order":0,"comment_status":"closed","ping_status":"closed","template":"","meta":{"footnotes":""},"class_list":["post-23","page","type-page","status-publish","hentry"],"_links":{"self":[{"href":"https:\/\/stag2018.unibs.it\/index.php\/wp-json\/wp\/v2\/pages\/23","targetHints":{"allow":["GET"]}}],"collection":[{"href":"https:\/\/stag2018.unibs.it\/index.php\/wp-json\/wp\/v2\/pages"}],"about":[{"href":"https:\/\/stag2018.unibs.it\/index.php\/wp-json\/wp\/v2\/types\/page"}],"author":[{"embeddable":true,"href":"https:\/\/stag2018.unibs.it\/index.php\/wp-json\/wp\/v2\/users\/1"}],"replies":[{"embeddable":true,"href":"https:\/\/stag2018.unibs.it\/index.php\/wp-json\/wp\/v2\/comments?post=23"}],"version-history":[{"count":20,"href":"https:\/\/stag2018.unibs.it\/index.php\/wp-json\/wp\/v2\/pages\/23\/revisions"}],"predecessor-version":[{"id":520,"href":"https:\/\/stag2018.unibs.it\/index.php\/wp-json\/wp\/v2\/pages\/23\/revisions\/520"}],"wp:attachment":[{"href":"https:\/\/stag2018.unibs.it\/index.php\/wp-json\/wp\/v2\/media?parent=23"}],"curies":[{"name":"wp","href":"https:\/\/api.w.org\/{rel}","templated":true}]}}